{"id":4927,"date":"2023-02-10T12:03:47","date_gmt":"2023-02-10T20:03:47","guid":{"rendered":"https:\/\/fl-ux.co\/?page_id=4927"},"modified":"2025-10-13T00:10:24","modified_gmt":"2025-10-13T07:10:24","slug":"blog","status":"publish","type":"page","link":"http:\/\/fl-ux.co\/es\/blog\/","title":{"rendered":"Blog"},"content":{"rendered":"<h1>Blog FL-UX<\/h1>\n<h2>Art\u00edculos Recientes<\/h2>\n<p>Actualizaci\u00f3n de FL-UX<\/p>\n<h2>Actualizaci\u00f3n de FL-UX: mejoras en la herramienta Spotlight y el modo sin conexi\u00f3n<br \/>\n<\/h2>\n<p>En la entrada del blog de FL-UX \"Jul 2025 Update\" se detallan nuevas funciones, mejoras y correcciones de errores. Entre las principales actualizaciones se incluyen un modo sin conexi\u00f3n mejorado con etiquetado en tiempo real, una herramienta de esbozo \"Spotlight\" mejorada y opciones m\u00e1s flexibles para compartir escenas. La actualizaci\u00f3n tambi\u00e9n mejora la carga de v\u00eddeos, la velocidad de inicio de sesi\u00f3n y los tiempos de carga de los v\u00eddeos. Adem\u00e1s, se han corregido varios errores.<\/p>\n<p>\t\t\t\t\t<a href=\"https:\/\/fl-ux.co\/es\/jul-2025-update\/\"><br \/>\n\t\t\t\t\t\t\t\t\tLeer m\u00e1s<br \/>\n\t\t\t\t\t<\/a><\/p>\n<p>Actualizaci\u00f3n de FL-UX<\/p>\n<h2>Actualizaci\u00f3n FL-UX: nuevas caracter\u00edsticas y mejoras<\/h2>\n<p>La \u00faltima actualizaci\u00f3n de la plataforma FL-UX introduce una nueva aplicaci\u00f3n de escritorio para Mac y Windows, que permite a los usuarios analizar v\u00eddeos locales sin conexi\u00f3n y agilizar su flujo de trabajo. La actualizaci\u00f3n tambi\u00e9n presenta una interfaz redise\u00f1ada, mejores experiencias de transmisi\u00f3n y reproducci\u00f3n en directo, y un rendimiento mejorado.<\/p>\n<p>\t\t\t\t\t<a href=\"https:\/\/fl-ux.co\/es\/feb-2025-fl-ux-update\/\"><br \/>\n\t\t\t\t\t\t\t\t\tLeer m\u00e1s<br \/>\n\t\t\t\t\t<\/a><\/p>\n<h2>MBP School of Coaches de Barcelona lanza curso de an\u00e1lisis en directo utilizando FL-UX<br \/>\n<\/h2>\n<p>MBP School of Coaches de Barcelona ha introducido una nueva actividad de an\u00e1lisis en vivo utilizando la funci\u00f3n de etiquetado en directo de FL-UX. Esta herramienta permite a los estudiantes realizar an\u00e1lisis de partidos en directo, ya sea en el estadio o mediante transmisi\u00f3n en vivo, ofreciendo informaci\u00f3n inmediata que se puede aplicar durante o despu\u00e9s del partido. Al combinar su metodolog\u00eda de entrenamiento \u00fanica con las funciones avanzadas de FL-UX, MBP est\u00e1 elevando el est\u00e1ndar de an\u00e1lisis de f\u00fatbol para los entrenadores de todo el mundo.<\/p>\n<p>\t\t\t\t\t<a href=\"https:\/\/fl-ux.co\/es\/mbp-live-analysis\/\"><br \/>\n\t\t\t\t\t\t\t\t\tLeer m\u00e1s<br \/>\n\t\t\t\t\t<\/a><\/p>\n<h2>Curso de An\u00e1lisis de Juego de F\u00fatbol Playa celebrado en 34 pa\u00edses<\/h2>\n<p>FL-UX colabor\u00f3 \u200b\u200brecientemente con Beach Soccer Los Angeles para ofrecer un curso de an\u00e1lisis de juegos que atrajo a participantes de 34 pa\u00edses. El curso, impartido por el dos veces ganador de la Copa Mundial de F\u00fatbol Playa, Luiz Escobar, se centr\u00f3 en la importancia de establecer un protocolo para el an\u00e1lisis del juego. Escobar enfatiz\u00f3 c\u00f3mo las herramientas FL-UX pueden mejorar el entrenamiento al permitir un an\u00e1lisis detallado de los partidos. Los participantes, energizados por su experiencia pr\u00e1ctica, se marcharon con una comprensi\u00f3n m\u00e1s profunda de la integraci\u00f3n de la tecnolog\u00eda en sus rutinas de entrenamiento de f\u00fatbol playa.<\/p>\n<p>\t\t\t\t\t<a href=\"https:\/\/fl-ux.co\/es\/beach-soccer-game-analysis-course\/\"><br \/>\n\t\t\t\t\t\t\t\t\tLeer m\u00e1s<br \/>\n\t\t\t\t\t<\/a><\/p>\n<h2>C\u00f3mo se forman analistas de v\u00eddeo j\u00f3venes y capaces en JAPAN Soccer Village<\/h2>\n<p>En Japan Soccer College, la Escuela de Graduados para Entrenadores de F\u00fatbol equipa a los estudiantes con habilidades anal\u00edticas avanzadas cruciales para la industria del f\u00fatbol profesional. La instituci\u00f3n enfatiza la experiencia pr\u00e1ctica con herramientas como FL-UX, que agiliza los procesos de intercambio de videos y retroalimentaci\u00f3n, mejorando la comunicaci\u00f3n entre instructores y estudiantes. Esto fomenta un entorno de aprendizaje donde los futuros analistas de f\u00fatbol pueden prosperar y contribuir a sus equipos desde el primer d\u00eda. El equipo de analistas JSC de la universidad contin\u00faa creciendo, con el objetivo de preparar profesionales para el \u00e9xito en el an\u00e1lisis del f\u00fatbol.<\/p>\n<p>\t\t\t\t\t<a href=\"https:\/\/fl-ux.co\/es\/japan-soccer-village\/\"><br \/>\n\t\t\t\t\t\t\t\t\tLeer m\u00e1s<br \/>\n\t\t\t\t\t<\/a><\/p>\n<h2>UAE Men&#8217;s Beach Soccer National Team Coach Talks About The Benefit Of Using An All-In-One Video Analysis Platform<\/h2>\n<p>V\u00edctor Vasques, un experimentado entrenador de f\u00fatbol playa, comparte su visi\u00f3n de su trayectoria en este deporte, destacando los desaf\u00edos que ha enfrentado y la evoluci\u00f3n de su filosof\u00eda como entrenador. Analiza c\u00f3mo las herramientas FL-UX se han vuelto parte integral de su enfoque, permiti\u00e9ndole analizar actuaciones de manera m\u00e1s efectiva y adaptar estrategias que maximicen el potencial del jugador.<\/p>\n<p>\t\t\t\t\t<a href=\"https:\/\/fl-ux.co\/es\/victor-vasques-interview\/\"><br \/>\n\t\t\t\t\t\t\t\t\tLeer m\u00e1s<br \/>\n\t\t\t\t\t<\/a><\/p>\n<h2>How Live analysis is used in Professional Futsal &#8211; Shonan Bellmare Futsal Club<\/h2>\n<p>Shonan Bellmare Futsal Club ha adoptado FL-UX para el an\u00e1lisis de v\u00eddeo en directo durante los partidos, lo que permite a los entrenadores etiquetar y revisar jugadas cruciales al instante. Esta herramienta de avanzada mejora la comunicaci\u00f3n entre entrenadores y jugadores, proporcionando retroalimentaci\u00f3n inmediata y permitiendo ajustes estrat\u00e9gicos sobre la marcha. En un deporte donde las decisiones r\u00e1pidas son esenciales, FL-UX se ha convertido en un activo invaluable para el equipo, contribuyendo a su \u00e9xito y ayud\u00e1ndolos a mantenerse competitivos en el alto mundo del f\u00fatbol sala.<\/p>\n<p>\t\t\t\t\t<a href=\"https:\/\/fl-ux.co\/es\/shonan-bellmare-futsal-club\/\"><br \/>\n\t\t\t\t\t\t\t\t\tLeer m\u00e1s<br \/>\n\t\t\t\t\t<\/a><\/p>\n<h2>The secret to the strength of Criacao Shinjuku, who secured a promotion to JFL &#8211; Interview with analyst and coach Yukimura Yoshizawa<\/h2>\n<p>\t\tVea desde adentro c\u00f3mo el analista y entrenador de Criacao Shinjuku utiliza la tecnolog\u00eda FL-UX para elevar el desempe\u00f1o de su equipo. Esta entrevista cubre el rol estrat\u00e9gico del an\u00e1lisis de video, la toma de decisiones basada en datos y la importancia de una comunicaci\u00f3n efectiva para llevar al equipo a nuevas alturas en la JFL. Si es un entusiasta del f\u00fatbol o est\u00e1 interesado en el an\u00e1lisis deportivo, este art\u00edculo ofrece informaci\u00f3n valiosa sobre los m\u00e9todos innovadores utilizados para obtener una ventaja competitiva.<br \/>\n\t\t\t\t\t<a href=\"https:\/\/fl-ux.co\/es\/interview-with-criacao-shinjuku-analyst-coach\/\"><br \/>\n\t\t\t\t\t\t\t\t\tLeer m\u00e1s<br \/>\n\t\t\t\t\t<\/a><\/p>\n<h2>Nuevo uso del software de an\u00e1lisis de v\u00eddeo de Shonan Bellmare: \u00bfC\u00f3mo se comunica un equipo con FL-UX?<\/h2>\n<p>Shonan Bellmare, un equipo de la J-League 1, ha integrado FL-UX en sus operaciones diarias, transformando la forma en que se comunican y analizan las secuencias de los partidos. Esta potente herramienta permite a entrenadores y jugadores revisar las jugadas en tiempo real, mejorando la comprensi\u00f3n t\u00e1ctica y fomentando una comunicaci\u00f3n m\u00e1s eficaz. Desde el an\u00e1lisis posterior al partido hasta el desarrollo de los jugadores, FL-UX ha agilizado los procesos del equipo, facilitando que todos est\u00e9n alineados con las estrategias y los objetivos de rendimiento.<\/p>\n<p>\t\t\t\t\t<a href=\"https:\/\/fl-ux.co\/es\/shonan-bellmare-iterview\/\"><br \/>\n\t\t\t\t\t\t\t\t\tLeer m\u00e1s<br \/>\n\t\t\t\t\t<\/a><\/p>","protected":false},"excerpt":{"rendered":"<p>FL-UX Blog Recent Articles FL-UX Update FL-UX Update: Spotlight Tool and Offline Mode Enhancements The FL-UX &#8220;Jul 2025 Update&#8221; blog post details new features, improvements, and bug fixes. Key updates include an enhanced offline mode with real-time tagging, an improved &#8220;Spotlight&#8221; sketching tool, and more flexible scene sharing options. The update also improves video uploads, [&hellip;]<\/p>\n","protected":false},"author":1,"featured_media":3404,"parent":0,"menu_order":0,"comment_status":"closed","ping_status":"closed","template":"","meta":{"content-type":"","site-sidebar-layout":"no-sidebar","site-content-layout":"page-builder","ast-site-content-layout":"full-width-container","site-content-style":"unboxed","site-sidebar-style":"unboxed","ast-global-header-display":"","ast-banner-title-visibility":"","ast-main-header-display":"","ast-hfb-above-header-display":"","ast-hfb-below-header-display":"","ast-hfb-mobile-header-display":"","site-post-title":"disabled","ast-breadcrumbs-content":"","ast-featured-img":"","footer-sml-layout":"","ast-disable-related-posts":"","theme-transparent-header-meta":"","adv-header-id-meta":"","stick-header-meta":"","header-above-stick-meta":"","header-main-stick-meta":"","header-below-stick-meta":"","astra-migrate-meta-layouts":"set","ast-page-background-enabled":"default","ast-page-background-meta":{"desktop":{"background-color":"var(--ast-global-color-4)","background-image":"","background-repeat":"repeat","background-position":"center center","background-size":"auto","background-attachment":"scroll","background-type":"","background-media":"","overlay-type":"","overlay-color":"","overlay-opacity":"","overlay-gradient":""},"tablet":{"background-color":"","background-image":"","background-repeat":"repeat","background-position":"center center","background-size":"auto","background-attachment":"scroll","background-type":"","background-media":"","overlay-type":"","overlay-color":"","overlay-opacity":"","overlay-gradient":""},"mobile":{"background-color":"","background-image":"","background-repeat":"repeat","background-position":"center center","background-size":"auto","background-attachment":"scroll","background-type":"","background-media":"","overlay-type":"","overlay-color":"","overlay-opacity":"","overlay-gradient":""}},"ast-content-background-meta":{"desktop":{"background-color":"var(--ast-global-color-5)","background-image":"","background-repeat":"repeat","background-position":"center center","background-size":"auto","background-attachment":"scroll","background-type":"","background-media":"","overlay-type":"","overlay-color":"","overlay-opacity":"","overlay-gradient":""},"tablet":{"background-color":"var(--ast-global-color-5)","background-image":"","background-repeat":"repeat","background-position":"center center","background-size":"auto","background-attachment":"scroll","background-type":"","background-media":"","overlay-type":"","overlay-color":"","overlay-opacity":"","overlay-gradient":""},"mobile":{"background-color":"var(--ast-global-color-5)","background-image":"","background-repeat":"repeat","background-position":"center center","background-size":"auto","background-attachment":"scroll","background-type":"","background-media":"","overlay-type":"","overlay-color":"","overlay-opacity":"","overlay-gradient":""}},"footnotes":""},"class_list":["post-4927","page","type-page","status-publish","has-post-thumbnail","hentry"],"aioseo_notices":[],"jetpack_sharing_enabled":true,"_links":{"self":[{"href":"http:\/\/fl-ux.co\/es\/wp-json\/wp\/v2\/pages\/4927","targetHints":{"allow":["GET"]}}],"collection":[{"href":"http:\/\/fl-ux.co\/es\/wp-json\/wp\/v2\/pages"}],"about":[{"href":"http:\/\/fl-ux.co\/es\/wp-json\/wp\/v2\/types\/page"}],"author":[{"embeddable":true,"href":"http:\/\/fl-ux.co\/es\/wp-json\/wp\/v2\/users\/1"}],"replies":[{"embeddable":true,"href":"http:\/\/fl-ux.co\/es\/wp-json\/wp\/v2\/comments?post=4927"}],"version-history":[{"count":63,"href":"http:\/\/fl-ux.co\/es\/wp-json\/wp\/v2\/pages\/4927\/revisions"}],"predecessor-version":[{"id":7427,"href":"http:\/\/fl-ux.co\/es\/wp-json\/wp\/v2\/pages\/4927\/revisions\/7427"}],"wp:featuredmedia":[{"embeddable":true,"href":"http:\/\/fl-ux.co\/es\/wp-json\/wp\/v2\/media\/3404"}],"wp:attachment":[{"href":"http:\/\/fl-ux.co\/es\/wp-json\/wp\/v2\/media?parent=4927"}],"curies":[{"name":"wp","href":"https:\/\/api.w.org\/{rel}","templated":true}]}}